{"id":20479,"date":"2025-12-14T17:46:40","date_gmt":"2025-12-14T16:46:40","guid":{"rendered":"https:\/\/scroll-zone.com\/hr\/?post_type=product&#038;p=20479"},"modified":"2026-03-10T18:14:23","modified_gmt":"2026-03-10T17:14:23","slug":"11-gratis-glazbena-kutija-bozicnog-vlaka","status":"publish","type":"product","link":"https:\/\/scroll-zone.com\/hr\/proizvod\/11-gratis-glazbena-kutija-bozicnog-vlaka\/","title":{"rendered":"1+1 GRATIS &#8211; Glazbena kutija bo\u017ei\u0107nog vlaka"},"content":{"rendered":"","protected":false},"excerpt":{"rendered":"<p>Retro dizajn vlaki\u0107a s prekrasnim bo\u017ei\u0107nim motivima i blagdanskom glazbom idealan je ukras u svakom prostoru!<\/p>\n","protected":false},"featured_media":13908,"comment_status":"closed","ping_status":"closed","template":"","meta":{"inline_featured_image":false},"product_brand":[],"product_cat":[15,35],"product_tag":[],"class_list":{"0":"post-20479","1":"product","2":"type-product","3":"status-publish","4":"has-post-thumbnail","6":"product_cat-uncategorized","7":"product_cat-fun","9":"first","10":"instock","11":"sale","12":"taxable","13":"shipping-taxable","14":"purchasable","15":"product-type-simple"},"acf":[],"_links":{"self":[{"href":"https:\/\/scroll-zone.com\/hr\/wp-json\/wp\/v2\/product\/20479","targetHints":{"allow":["GET"]}}],"collection":[{"href":"https:\/\/scroll-zone.com\/hr\/wp-json\/wp\/v2\/product"}],"about":[{"href":"https:\/\/scroll-zone.com\/hr\/wp-json\/wp\/v2\/types\/product"}],"replies":[{"embeddable":true,"href":"https:\/\/scroll-zone.com\/hr\/wp-json\/wp\/v2\/comments?post=20479"}],"wp:featuredmedia":[{"embeddable":true,"href":"https:\/\/scroll-zone.com\/hr\/wp-json\/wp\/v2\/media\/13908"}],"wp:attachment":[{"href":"https:\/\/scroll-zone.com\/hr\/wp-json\/wp\/v2\/media?parent=20479"}],"wp:term":[{"taxonomy":"product_brand","embeddable":true,"href":"https:\/\/scroll-zone.com\/hr\/wp-json\/wp\/v2\/product_brand?post=20479"},{"taxonomy":"product_cat","embeddable":true,"href":"https:\/\/scroll-zone.com\/hr\/wp-json\/wp\/v2\/product_cat?post=20479"},{"taxonomy":"product_tag","embeddable":true,"href":"https:\/\/scroll-zone.com\/hr\/wp-json\/wp\/v2\/product_tag?post=20479"}],"curies":[{"name":"wp","href":"https:\/\/api.w.org\/{rel}","templated":true}]}}