{"id":18438,"date":"2025-10-03T09:34:14","date_gmt":"2025-10-03T07:34:14","guid":{"rendered":"https:\/\/scroll-zone.com\/hr\/?post_type=product&#038;p=18438"},"modified":"2026-03-10T18:16:28","modified_gmt":"2026-03-10T17:16:28","slug":"takticka-lampa-s-elektrosokom-x95","status":"publish","type":"product","link":"https:\/\/scroll-zone.com\/hr\/proizvod\/takticka-lampa-s-elektrosokom-x95\/","title":{"rendered":"Takti\u010dka lampa s elektro\u0161okom X95"},"content":{"rendered":"","protected":false},"excerpt":{"rendered":"<p data-start=\"2906\" data-end=\"3164\">Kompaktna takti\u010dka lampa koja kombinira sna\u017eno LED svjetlo i mo\u0107 omamljivanja. Savr\u0161ena za osobnu za\u0161titu u mra\u010dnim i opasnim situacijama. Jednostavna za no\u0161enje, pru\u017ea sigurnost i samopouzdanje gdje god se nalazili.<\/p>\n<h3 data-start=\"448\" data-end=\"466\"><\/h3>\n","protected":false},"featured_media":18442,"comment_status":"closed","ping_status":"closed","template":"","meta":{"inline_featured_image":false},"product_brand":[],"product_cat":[15,28],"product_tag":[],"class_list":{"0":"post-18438","1":"product","2":"type-product","3":"status-publish","4":"has-post-thumbnail","6":"product_cat-uncategorized","7":"product_cat-beauty","9":"first","10":"instock","11":"sale","12":"taxable","13":"shipping-taxable","14":"purchasable","15":"product-type-simple"},"acf":[],"_links":{"self":[{"href":"https:\/\/scroll-zone.com\/hr\/wp-json\/wp\/v2\/product\/18438","targetHints":{"allow":["GET"]}}],"collection":[{"href":"https:\/\/scroll-zone.com\/hr\/wp-json\/wp\/v2\/product"}],"about":[{"href":"https:\/\/scroll-zone.com\/hr\/wp-json\/wp\/v2\/types\/product"}],"replies":[{"embeddable":true,"href":"https:\/\/scroll-zone.com\/hr\/wp-json\/wp\/v2\/comments?post=18438"}],"wp:featuredmedia":[{"embeddable":true,"href":"https:\/\/scroll-zone.com\/hr\/wp-json\/wp\/v2\/media\/18442"}],"wp:attachment":[{"href":"https:\/\/scroll-zone.com\/hr\/wp-json\/wp\/v2\/media?parent=18438"}],"wp:term":[{"taxonomy":"product_brand","embeddable":true,"href":"https:\/\/scroll-zone.com\/hr\/wp-json\/wp\/v2\/product_brand?post=18438"},{"taxonomy":"product_cat","embeddable":true,"href":"https:\/\/scroll-zone.com\/hr\/wp-json\/wp\/v2\/product_cat?post=18438"},{"taxonomy":"product_tag","embeddable":true,"href":"https:\/\/scroll-zone.com\/hr\/wp-json\/wp\/v2\/product_tag?post=18438"}],"curies":[{"name":"wp","href":"https:\/\/api.w.org\/{rel}","templated":true}]}}