{"id":18139,"date":"2025-09-12T08:38:06","date_gmt":"2025-09-12T06:38:06","guid":{"rendered":"https:\/\/scroll-zone.com\/hr\/?post_type=product&#038;p=18139"},"modified":"2026-03-10T18:16:36","modified_gmt":"2026-03-10T17:16:36","slug":"neklizajuca-obuca-za-bebe-i-djecu","status":"publish","type":"product","link":"https:\/\/scroll-zone.com\/hr\/proizvod\/neklizajuca-obuca-za-bebe-i-djecu\/","title":{"rendered":"Neklizaju\u0107a obu\u0107a za bebe i djecu"},"content":{"rendered":"","protected":false},"excerpt":{"rendered":"<p data-start=\"128\" data-end=\"446\">Prvi koraci va\u0161eg mali\u0161ana zaslu\u017euju sigurnost, udobnost i zdrav razvoj stopala. Na\u0161a neklizaju\u0107a mre\u017easta obu\u0107a izra\u0111ena je od visokokvalitetnih materijala koji omogu\u0107uju maksimalnu pokretljivost i za\u0161titu. Elegantna i prakti\u010dna, idealna je za svakodnevno no\u0161enje, a univerzalna veli\u010dina odgovara djeci do 3 godine.<\/p>\n<h3 data-start=\"448\" data-end=\"466\"><\/h3>\n","protected":false},"featured_media":18140,"comment_status":"closed","ping_status":"closed","template":"","meta":{"inline_featured_image":false},"product_brand":[],"product_cat":[15,28],"product_tag":[],"class_list":{"0":"post-18139","1":"product","2":"type-product","3":"status-publish","4":"has-post-thumbnail","6":"product_cat-uncategorized","7":"product_cat-beauty","9":"first","10":"instock","11":"sale","12":"taxable","13":"shipping-taxable","14":"purchasable","15":"product-type-simple"},"acf":[],"_links":{"self":[{"href":"https:\/\/scroll-zone.com\/hr\/wp-json\/wp\/v2\/product\/18139","targetHints":{"allow":["GET"]}}],"collection":[{"href":"https:\/\/scroll-zone.com\/hr\/wp-json\/wp\/v2\/product"}],"about":[{"href":"https:\/\/scroll-zone.com\/hr\/wp-json\/wp\/v2\/types\/product"}],"replies":[{"embeddable":true,"href":"https:\/\/scroll-zone.com\/hr\/wp-json\/wp\/v2\/comments?post=18139"}],"wp:featuredmedia":[{"embeddable":true,"href":"https:\/\/scroll-zone.com\/hr\/wp-json\/wp\/v2\/media\/18140"}],"wp:attachment":[{"href":"https:\/\/scroll-zone.com\/hr\/wp-json\/wp\/v2\/media?parent=18139"}],"wp:term":[{"taxonomy":"product_brand","embeddable":true,"href":"https:\/\/scroll-zone.com\/hr\/wp-json\/wp\/v2\/product_brand?post=18139"},{"taxonomy":"product_cat","embeddable":true,"href":"https:\/\/scroll-zone.com\/hr\/wp-json\/wp\/v2\/product_cat?post=18139"},{"taxonomy":"product_tag","embeddable":true,"href":"https:\/\/scroll-zone.com\/hr\/wp-json\/wp\/v2\/product_tag?post=18139"}],"curies":[{"name":"wp","href":"https:\/\/api.w.org\/{rel}","templated":true}]}}