{"id":18012,"date":"2025-08-26T17:42:21","date_gmt":"2025-08-26T15:42:21","guid":{"rendered":"https:\/\/scroll-zone.com\/hr\/?post_type=product&#038;p=18012"},"modified":"2026-03-10T18:17:06","modified_gmt":"2026-03-10T17:17:06","slug":"mini-masina-za-zatvaranje-vrecica","status":"publish","type":"product","link":"https:\/\/scroll-zone.com\/hr\/proizvod\/mini-masina-za-zatvaranje-vrecica\/","title":{"rendered":"Mini ma\u0161ina za zatvaranje vre\u0107ica"},"content":{"rendered":"","protected":false},"excerpt":{"rendered":"<p data-start=\"176\" data-end=\"382\">Recite zbogom ustajalim grickalicama i prosutoj hrani! Prakti\u010dna mini ma\u0161ina omogu\u0107uje da brzo i sigurno zatvorite vre\u0107ice \u2013 i to u samo par sekundi. Hrana ostaje svje\u017ea, ukusna i spremna za u\u017eivanje. Bez komplikacija \u2013 samo uredna i mirisna kuhinja!<\/p>\n","protected":false},"featured_media":18019,"comment_status":"closed","ping_status":"closed","template":"","meta":{"inline_featured_image":false},"product_brand":[],"product_cat":[15,27],"product_tag":[],"class_list":{"0":"post-18012","1":"product","2":"type-product","3":"status-publish","4":"has-post-thumbnail","6":"product_cat-uncategorized","7":"product_cat-home","9":"first","10":"instock","11":"sale","12":"taxable","13":"shipping-taxable","14":"purchasable","15":"product-type-simple"},"acf":[],"_links":{"self":[{"href":"https:\/\/scroll-zone.com\/hr\/wp-json\/wp\/v2\/product\/18012","targetHints":{"allow":["GET"]}}],"collection":[{"href":"https:\/\/scroll-zone.com\/hr\/wp-json\/wp\/v2\/product"}],"about":[{"href":"https:\/\/scroll-zone.com\/hr\/wp-json\/wp\/v2\/types\/product"}],"replies":[{"embeddable":true,"href":"https:\/\/scroll-zone.com\/hr\/wp-json\/wp\/v2\/comments?post=18012"}],"wp:featuredmedia":[{"embeddable":true,"href":"https:\/\/scroll-zone.com\/hr\/wp-json\/wp\/v2\/media\/18019"}],"wp:attachment":[{"href":"https:\/\/scroll-zone.com\/hr\/wp-json\/wp\/v2\/media?parent=18012"}],"wp:term":[{"taxonomy":"product_brand","embeddable":true,"href":"https:\/\/scroll-zone.com\/hr\/wp-json\/wp\/v2\/product_brand?post=18012"},{"taxonomy":"product_cat","embeddable":true,"href":"https:\/\/scroll-zone.com\/hr\/wp-json\/wp\/v2\/product_cat?post=18012"},{"taxonomy":"product_tag","embeddable":true,"href":"https:\/\/scroll-zone.com\/hr\/wp-json\/wp\/v2\/product_tag?post=18012"}],"curies":[{"name":"wp","href":"https:\/\/api.w.org\/{rel}","templated":true}]}}