{"id":16494,"date":"2025-06-05T13:03:13","date_gmt":"2025-06-05T11:03:13","guid":{"rendered":"https:\/\/scroll-zone.com\/hr\/proizvod\/stormtoolvo-product\/"},"modified":"2026-03-10T18:37:07","modified_gmt":"2026-03-10T17:37:07","slug":"profesionalno-ciscenje-vozila-max-pro-2","status":"publish","type":"product","link":"https:\/\/scroll-zone.com\/hr\/proizvod\/profesionalno-ciscenje-vozila-max-pro-2\/","title":{"rendered":"Profesionalno \u010di\u0161\u0107enje vozila-Max Pro"},"content":{"rendered":"","protected":false},"excerpt":{"rendered":"<p>U\u017eivajte u vrhunskom \u010di\u0161\u0107enju vozila s mo\u0107nim Max Pro ure\u0111ajem. Sa sna\u017enim motorom, lako\u0107om rukovanja i brzom baterijom, svako \u010di\u0161\u0107enje postaje jednostavno i u\u010dinkovito. Idealan je za sve povr\u0161ine \u2013 unutra\u0161njost, eksterijer i te\u0161ko dostupna mjesta.<\/p>\n","protected":false},"featured_media":16525,"comment_status":"closed","ping_status":"closed","template":"","meta":{"inline_featured_image":false},"product_brand":[],"product_cat":[15,25,27,35],"product_tag":[],"class_list":{"0":"post-16494","1":"product","2":"type-product","3":"status-publish","4":"has-post-thumbnail","6":"product_cat-uncategorized","7":"product_cat-car","8":"product_cat-home","9":"product_cat-fun","11":"first","12":"instock","13":"sale","14":"taxable","15":"shipping-taxable","16":"purchasable","17":"product-type-simple"},"acf":[],"_links":{"self":[{"href":"https:\/\/scroll-zone.com\/hr\/wp-json\/wp\/v2\/product\/16494","targetHints":{"allow":["GET"]}}],"collection":[{"href":"https:\/\/scroll-zone.com\/hr\/wp-json\/wp\/v2\/product"}],"about":[{"href":"https:\/\/scroll-zone.com\/hr\/wp-json\/wp\/v2\/types\/product"}],"replies":[{"embeddable":true,"href":"https:\/\/scroll-zone.com\/hr\/wp-json\/wp\/v2\/comments?post=16494"}],"wp:featuredmedia":[{"embeddable":true,"href":"https:\/\/scroll-zone.com\/hr\/wp-json\/wp\/v2\/media\/16525"}],"wp:attachment":[{"href":"https:\/\/scroll-zone.com\/hr\/wp-json\/wp\/v2\/media?parent=16494"}],"wp:term":[{"taxonomy":"product_brand","embeddable":true,"href":"https:\/\/scroll-zone.com\/hr\/wp-json\/wp\/v2\/product_brand?post=16494"},{"taxonomy":"product_cat","embeddable":true,"href":"https:\/\/scroll-zone.com\/hr\/wp-json\/wp\/v2\/product_cat?post=16494"},{"taxonomy":"product_tag","embeddable":true,"href":"https:\/\/scroll-zone.com\/hr\/wp-json\/wp\/v2\/product_tag?post=16494"}],"curies":[{"name":"wp","href":"https:\/\/api.w.org\/{rel}","templated":true}]}}