{"id":16424,"date":"2025-06-02T13:16:35","date_gmt":"2025-06-02T11:16:35","guid":{"rendered":"https:\/\/scroll-zone.com\/hr\/proizvod\/garagedisplay-product\/"},"modified":"2026-03-10T18:18:02","modified_gmt":"2026-03-10T17:18:02","slug":"garagedisplay-product","status":"publish","type":"product","link":"https:\/\/scroll-zone.com\/hr\/proizvod\/garagedisplay-product\/","title":{"rendered":"Luksuzna gara\u017ea za kolekcionarske modele automobila"},"content":{"rendered":"","protected":false},"excerpt":{"rendered":"<p>Ova elegantna mini gara\u017ea s osvjetljenjem savr\u0161en je dodatak za sve ljubitelje automobilskih modela. S tri razine i modernim dizajnom, pru\u017ea idealan prostor za izlaganje va\u0161ih omiljenih replika automobila. Staklene pregrade i realisti\u010dni detalji \u010dine je pravim umjetni\u010dkim djelom u va\u0161em prostoru.<\/p>\n","protected":false},"featured_media":16432,"comment_status":"closed","ping_status":"closed","template":"","meta":{"inline_featured_image":false},"product_brand":[],"product_cat":[15,25,27,35],"product_tag":[],"class_list":{"0":"post-16424","1":"product","2":"type-product","3":"status-publish","4":"has-post-thumbnail","6":"product_cat-uncategorized","7":"product_cat-car","8":"product_cat-home","9":"product_cat-fun","11":"first","12":"instock","13":"sale","14":"taxable","15":"shipping-taxable","16":"purchasable","17":"product-type-simple"},"acf":[],"_links":{"self":[{"href":"https:\/\/scroll-zone.com\/hr\/wp-json\/wp\/v2\/product\/16424","targetHints":{"allow":["GET"]}}],"collection":[{"href":"https:\/\/scroll-zone.com\/hr\/wp-json\/wp\/v2\/product"}],"about":[{"href":"https:\/\/scroll-zone.com\/hr\/wp-json\/wp\/v2\/types\/product"}],"replies":[{"embeddable":true,"href":"https:\/\/scroll-zone.com\/hr\/wp-json\/wp\/v2\/comments?post=16424"}],"wp:featuredmedia":[{"embeddable":true,"href":"https:\/\/scroll-zone.com\/hr\/wp-json\/wp\/v2\/media\/16432"}],"wp:attachment":[{"href":"https:\/\/scroll-zone.com\/hr\/wp-json\/wp\/v2\/media?parent=16424"}],"wp:term":[{"taxonomy":"product_brand","embeddable":true,"href":"https:\/\/scroll-zone.com\/hr\/wp-json\/wp\/v2\/product_brand?post=16424"},{"taxonomy":"product_cat","embeddable":true,"href":"https:\/\/scroll-zone.com\/hr\/wp-json\/wp\/v2\/product_cat?post=16424"},{"taxonomy":"product_tag","embeddable":true,"href":"https:\/\/scroll-zone.com\/hr\/wp-json\/wp\/v2\/product_tag?post=16424"}],"curies":[{"name":"wp","href":"https:\/\/api.w.org\/{rel}","templated":true}]}}