{"id":16423,"date":"2025-06-02T10:05:22","date_gmt":"2025-06-02T08:05:22","guid":{"rendered":"https:\/\/scroll-zone.com\/hr\/proizvod\/stormtool-product\/"},"modified":"2026-03-10T18:18:09","modified_gmt":"2026-03-10T17:18:09","slug":"profesionalno-ciscenje-vozila-max-pro","status":"publish","type":"product","link":"https:\/\/scroll-zone.com\/hr\/proizvod\/profesionalno-ciscenje-vozila-max-pro\/","title":{"rendered":"Profesionalno \u010ci\u0161\u0107enje Vozila-Max Pro"},"content":{"rendered":"","protected":false},"excerpt":{"rendered":"<p>Savr\u0161en alat za brzo i u\u010dinkovito \u010di\u0161\u0107enje automobila. Zahvaljuju\u0107i sna\u017enom motoru, prilagodljivim postavkama i laganom dizajnu, ovaj ure\u0111aj pru\u017ea vrhunske rezultate. Pogodan za sve zadatke \u2013 od unutarnjih detalja do vanjskog odr\u017eavanja.<\/p>\n","protected":false},"featured_media":16429,"comment_status":"closed","ping_status":"closed","template":"","meta":{"inline_featured_image":false},"product_brand":[],"product_cat":[15,25,27,35],"product_tag":[],"class_list":{"0":"post-16423","1":"product","2":"type-product","3":"status-publish","4":"has-post-thumbnail","6":"product_cat-uncategorized","7":"product_cat-car","8":"product_cat-home","9":"product_cat-fun","11":"first","12":"instock","13":"sale","14":"taxable","15":"shipping-taxable","16":"purchasable","17":"product-type-simple"},"acf":[],"_links":{"self":[{"href":"https:\/\/scroll-zone.com\/hr\/wp-json\/wp\/v2\/product\/16423","targetHints":{"allow":["GET"]}}],"collection":[{"href":"https:\/\/scroll-zone.com\/hr\/wp-json\/wp\/v2\/product"}],"about":[{"href":"https:\/\/scroll-zone.com\/hr\/wp-json\/wp\/v2\/types\/product"}],"replies":[{"embeddable":true,"href":"https:\/\/scroll-zone.com\/hr\/wp-json\/wp\/v2\/comments?post=16423"}],"wp:featuredmedia":[{"embeddable":true,"href":"https:\/\/scroll-zone.com\/hr\/wp-json\/wp\/v2\/media\/16429"}],"wp:attachment":[{"href":"https:\/\/scroll-zone.com\/hr\/wp-json\/wp\/v2\/media?parent=16423"}],"wp:term":[{"taxonomy":"product_brand","embeddable":true,"href":"https:\/\/scroll-zone.com\/hr\/wp-json\/wp\/v2\/product_brand?post=16423"},{"taxonomy":"product_cat","embeddable":true,"href":"https:\/\/scroll-zone.com\/hr\/wp-json\/wp\/v2\/product_cat?post=16423"},{"taxonomy":"product_tag","embeddable":true,"href":"https:\/\/scroll-zone.com\/hr\/wp-json\/wp\/v2\/product_tag?post=16423"}],"curies":[{"name":"wp","href":"https:\/\/api.w.org\/{rel}","templated":true}]}}