{"id":16322,"date":"2025-05-28T20:12:43","date_gmt":"2025-05-28T18:12:43","guid":{"rendered":"https:\/\/scroll-zone.com\/hr\/proizvod\/magicshelfvo-product\/"},"modified":"2026-04-25T11:30:20","modified_gmt":"2026-04-25T09:30:20","slug":"magicna-sef-polica","status":"publish","type":"product","link":"https:\/\/scroll-zone.com\/hr\/proizvod\/magicna-sef-polica\/","title":{"rendered":"Magi\u010dna sef polica"},"content":{"rendered":"","protected":false},"excerpt":{"rendered":"<p>Magi\u010dna sef polica je idealno rje\u0161enje za one koji \u017eele spojiti eleganciju sa sigurno\u0161\u0107u. Na prvi pogled izgleda kao obi\u010dna dekorativna polica, ali u sebi skriva pametno osmi\u0161ljen tajni sef. Savr\u0161en komad namje\u0161taja za moderan dom koji \u0161titi va\u0161e dragocjenosti.<\/p>\n","protected":false},"featured_media":16328,"comment_status":"closed","ping_status":"closed","template":"","meta":{"inline_featured_image":false},"product_brand":[],"product_cat":[15,27,35],"product_tag":[],"class_list":{"0":"post-16322","1":"product","2":"type-product","3":"status-publish","4":"has-post-thumbnail","6":"product_cat-uncategorized","7":"product_cat-home","8":"product_cat-fun","10":"first","11":"instock","12":"sale","13":"taxable","14":"shipping-taxable","15":"purchasable","16":"product-type-simple"},"acf":[],"_links":{"self":[{"href":"https:\/\/scroll-zone.com\/hr\/wp-json\/wp\/v2\/product\/16322","targetHints":{"allow":["GET"]}}],"collection":[{"href":"https:\/\/scroll-zone.com\/hr\/wp-json\/wp\/v2\/product"}],"about":[{"href":"https:\/\/scroll-zone.com\/hr\/wp-json\/wp\/v2\/types\/product"}],"replies":[{"embeddable":true,"href":"https:\/\/scroll-zone.com\/hr\/wp-json\/wp\/v2\/comments?post=16322"}],"wp:featuredmedia":[{"embeddable":true,"href":"https:\/\/scroll-zone.com\/hr\/wp-json\/wp\/v2\/media\/16328"}],"wp:attachment":[{"href":"https:\/\/scroll-zone.com\/hr\/wp-json\/wp\/v2\/media?parent=16322"}],"wp:term":[{"taxonomy":"product_brand","embeddable":true,"href":"https:\/\/scroll-zone.com\/hr\/wp-json\/wp\/v2\/product_brand?post=16322"},{"taxonomy":"product_cat","embeddable":true,"href":"https:\/\/scroll-zone.com\/hr\/wp-json\/wp\/v2\/product_cat?post=16322"},{"taxonomy":"product_tag","embeddable":true,"href":"https:\/\/scroll-zone.com\/hr\/wp-json\/wp\/v2\/product_tag?post=16322"}],"curies":[{"name":"wp","href":"https:\/\/api.w.org\/{rel}","templated":true}]}}