{"id":13913,"date":"2024-10-30T08:46:38","date_gmt":"2024-10-30T07:46:38","guid":{"rendered":"https:\/\/scroll-zone.com\/hr\/?post_type=product&#038;p=13913"},"modified":"2024-12-01T23:05:40","modified_gmt":"2024-12-01T22:05:40","slug":"vatreni-carobni-stapic","status":"publish","type":"product","link":"https:\/\/scroll-zone.com\/hr\/proizvod\/vatreni-carobni-stapic\/","title":{"rendered":"Vatreni \u010darobni \u0161tapi\u0107"},"content":{"rendered":"","protected":false},"excerpt":{"rendered":"<p>Odu\u0161evite svoje najdra\u017ee ovim fantasti\u010dnim \u010darobnim \u0161tapi\u0107em! Tajanstvena zabava zajam\u010dena!<\/p>\n","protected":false},"featured_media":13914,"comment_status":"closed","ping_status":"closed","template":"","meta":{"inline_featured_image":false},"product_brand":[],"product_cat":[15,35],"product_tag":[],"class_list":{"0":"post-13913","1":"product","2":"type-product","3":"status-publish","4":"has-post-thumbnail","6":"product_cat-uncategorized","7":"product_cat-fun","9":"first","10":"instock","11":"sale","12":"taxable","13":"shipping-taxable","14":"purchasable","15":"product-type-simple"},"acf":[],"_links":{"self":[{"href":"https:\/\/scroll-zone.com\/hr\/wp-json\/wp\/v2\/product\/13913","targetHints":{"allow":["GET"]}}],"collection":[{"href":"https:\/\/scroll-zone.com\/hr\/wp-json\/wp\/v2\/product"}],"about":[{"href":"https:\/\/scroll-zone.com\/hr\/wp-json\/wp\/v2\/types\/product"}],"replies":[{"embeddable":true,"href":"https:\/\/scroll-zone.com\/hr\/wp-json\/wp\/v2\/comments?post=13913"}],"wp:featuredmedia":[{"embeddable":true,"href":"https:\/\/scroll-zone.com\/hr\/wp-json\/wp\/v2\/media\/13914"}],"wp:attachment":[{"href":"https:\/\/scroll-zone.com\/hr\/wp-json\/wp\/v2\/media?parent=13913"}],"wp:term":[{"taxonomy":"product_brand","embeddable":true,"href":"https:\/\/scroll-zone.com\/hr\/wp-json\/wp\/v2\/product_brand?post=13913"},{"taxonomy":"product_cat","embeddable":true,"href":"https:\/\/scroll-zone.com\/hr\/wp-json\/wp\/v2\/product_cat?post=13913"},{"taxonomy":"product_tag","embeddable":true,"href":"https:\/\/scroll-zone.com\/hr\/wp-json\/wp\/v2\/product_tag?post=13913"}],"curies":[{"name":"wp","href":"https:\/\/api.w.org\/{rel}","templated":true}]}}