{"id":12063,"date":"2024-04-09T08:31:56","date_gmt":"2024-04-09T06:31:56","guid":{"rendered":"https:\/\/scroll-zone.com\/hr\/?post_type=product&#038;p=12063"},"modified":"2024-09-25T09:11:07","modified_gmt":"2024-09-25T07:11:07","slug":"rotirajuci-mop-sa-tri-vrste-nastavaka","status":"publish","type":"product","link":"https:\/\/scroll-zone.com\/hr\/proizvod\/rotirajuci-mop-sa-tri-vrste-nastavaka\/","title":{"rendered":"Rotiraju\u0107i Mop sa tri vrste nastavaka"},"content":{"rendered":"","protected":false},"excerpt":{"rendered":"<p>Set za prakti\u010dno i detaljno \u010di\u0161\u0107enje sa tri razli\u010dita nastavka. Idealno za \u010di\u0161\u0107enje razli\u010ditih povr\u0161ina!<\/p>\n","protected":false},"featured_media":12069,"comment_status":"closed","ping_status":"closed","template":"","meta":{"inline_featured_image":false},"product_brand":[],"product_cat":[15,27],"product_tag":[],"class_list":{"0":"post-12063","1":"product","2":"type-product","3":"status-publish","4":"has-post-thumbnail","6":"product_cat-uncategorized","7":"product_cat-home","9":"first","10":"instock","11":"sale","12":"taxable","13":"shipping-taxable","14":"purchasable","15":"product-type-simple"},"acf":[],"_links":{"self":[{"href":"https:\/\/scroll-zone.com\/hr\/wp-json\/wp\/v2\/product\/12063","targetHints":{"allow":["GET"]}}],"collection":[{"href":"https:\/\/scroll-zone.com\/hr\/wp-json\/wp\/v2\/product"}],"about":[{"href":"https:\/\/scroll-zone.com\/hr\/wp-json\/wp\/v2\/types\/product"}],"replies":[{"embeddable":true,"href":"https:\/\/scroll-zone.com\/hr\/wp-json\/wp\/v2\/comments?post=12063"}],"wp:featuredmedia":[{"embeddable":true,"href":"https:\/\/scroll-zone.com\/hr\/wp-json\/wp\/v2\/media\/12069"}],"wp:attachment":[{"href":"https:\/\/scroll-zone.com\/hr\/wp-json\/wp\/v2\/media?parent=12063"}],"wp:term":[{"taxonomy":"product_brand","embeddable":true,"href":"https:\/\/scroll-zone.com\/hr\/wp-json\/wp\/v2\/product_brand?post=12063"},{"taxonomy":"product_cat","embeddable":true,"href":"https:\/\/scroll-zone.com\/hr\/wp-json\/wp\/v2\/product_cat?post=12063"},{"taxonomy":"product_tag","embeddable":true,"href":"https:\/\/scroll-zone.com\/hr\/wp-json\/wp\/v2\/product_tag?post=12063"}],"curies":[{"name":"wp","href":"https:\/\/api.w.org\/{rel}","templated":true}]}}