{"id":102,"date":"2020-10-28T10:57:38","date_gmt":"2020-10-28T10:57:38","guid":{"rendered":"https:\/\/shopium.eu\/rs\/?page_id=102"},"modified":"2025-02-04T10:19:05","modified_gmt":"2025-02-04T09:19:05","slug":"reklamacije-i-zamene","status":"publish","type":"page","link":"https:\/\/scroll-zone.com\/hr\/reklamacije-i-zamene\/","title":{"rendered":"\u017dalbe i zamjena proizvoda"},"content":{"rendered":"<p><b><span style=\"vertical-align: inherit\"><span style=\"vertical-align: inherit\">REKLAMACIJE I ZAMJENE<\/span><\/span><\/b><\/p>\n<p><b><span style=\"vertical-align: inherit\"><span style=\"vertical-align: inherit\">\u017dALBE<\/span><\/span><\/b><\/p>\n<p><span style=\"font-weight: 400\"><span style=\"vertical-align: inherit\"><span style=\"vertical-align: inherit\">Ako imate pritu\u017ebu na proizvod ili na\u0161u uslugu, slobodno nas kontaktirajte (hr@scroll-zone.com <\/span><\/span><\/span><span style=\"font-weight: 400\"><span style=\"vertical-align: inherit\"><span style=\"vertical-align: inherit\">). Budite sigurni da smo spremni i sposobni da rije\u0161imo svaku situaciju koja se mo\u017ee pojaviti. Proizvodi koji su potro\u0161ni materijal ili proizvodi koji dolaze u dodir s ko\u017eom ili intimnim dijelovima tijela nisu predmet reklamacija.\u00a0<\/span><\/span><\/span><\/p>\n<p><b><span style=\"vertical-align: inherit\"><span style=\"vertical-align: inherit\">Povrat novca ili zamjena proizvoda<\/span><\/span><\/b><\/p>\n<p><span style=\"font-weight: 400\"><span style=\"vertical-align: inherit\"><span style=\"vertical-align: inherit\">Imate mogu\u0107nost zamjene kupljenog proizvoda u roku od 14 dana od dana kupovine. Proizvod se mo\u017ee zamijeniti za drugi proizvod ili zatra\u017eiti povrat novca.<\/span><\/span><\/span><\/p>\n<p><span style=\"font-weight: 400\"><span style=\"vertical-align: inherit\"><span style=\"vertical-align: inherit\">Proizvod koji \u017eelite zamijeniti mora biti neo\u0161te\u0107en i vra\u0107en u originalnom i neo\u0161te\u0107enom pakovanju sa svim prate\u0107im priborom. <\/span><\/span><\/span><b><span style=\"vertical-align: inherit\"><span style=\"vertical-align: inherit\">U suprotnom, Va\u0161 prigovor \u0107e biti odbijen ili djelimi\u010dno rije\u0161en!<\/span><\/span><\/b><\/p>\n<p><span style=\"font-weight: 400\"><span style=\"vertical-align: inherit\"><span style=\"vertical-align: inherit\">U roku od 14 dana od primitka paketa, mo\u017eete nas obavijestiti putem e-maila (hr@scroll-zone.com) da \u017eelite odustati od ugovora i dostaviti svoje podatke, kao i broj po\u0161iljke, ili nam poslati elektronski ra\u010dun koji ste primljeni putem e-po\u0161te tijekom kupovine kako bi mogli identificirati na\u0161u narud\u017ebu. U me\u0111uvremenu, ovdje mo\u017eete preuzeti i popuniti formular koji trebate popuniti i vratiti nam proizvod u roku od 30 dana na na\u0161u adresu:\u00a0<\/span><\/span><\/span><\/p>\n<p data-pm-slice=\"1 1 []\"><strong><span style=\"vertical-align: inherit\"><span style=\"vertical-align: inherit\">ECTCEU doo, Kamni\u0161ka cesta 24, 1235 Radomlje, Slovenija<\/span><\/span><\/strong><\/p>\n<p>&nbsp;<\/p>\n<p><span style=\"vertical-align: inherit\"><span style=\"vertical-align: inherit\">U slu\u010daju zamjene proizvoda popunite: <a href=\"https:\/\/bit.ly\/2TB0fnI\">https:\/\/bit.ly\/2TB0fnI\u00a0<\/a><\/span><\/span><\/p>\n<p><span style=\"vertical-align: inherit\"><span style=\"vertical-align: inherit\">U slu\u010daju povrata novca popunite:\u00a0<a href=\"https:\/\/bit.ly\/2zgurxO\">https:\/\/bit.ly\/2zgurxO<\/a><\/span><\/span><\/p>\n<p>&nbsp;<\/p>\n<p><b><i><span style=\"vertical-align: inherit\"><span style=\"vertical-align: inherit\">E-mail na koji mo\u017eete pisati u slu\u010daju reklamacije ili zamjene: <\/span><\/span><span style=\"font-weight: 400\"><span style=\"vertical-align: inherit\"><span style=\"vertical-align: inherit\">hr@scroll-zone.com<\/span><\/span><\/span><\/i><\/b><\/p>\n<p>&nbsp;<\/p>\n<p><b><span style=\"vertical-align: inherit\"><span style=\"vertical-align: inherit\">napomene:<\/span><\/span><\/b><\/p>\n<p><i><span style=\"font-weight: 400\"><span style=\"vertical-align: inherit\"><span style=\"vertical-align: inherit\">Tro\u0161kove slanja snosi po\u0161iljalac. Po\u0161iljke pla\u0107ene prilikom isporuke ne\u0107e biti prihva\u0107ene!<\/span><\/span><\/span><\/i><\/p>\n<p><i><span style=\"font-weight: 400\"><span style=\"vertical-align: inherit\"><span style=\"vertical-align: inherit\">Ukoliko u roku od 14 dana od prijema po\u0161iljke ne po\u0161aljete pismenu obavijest o odustajanju od ugovora, povrat novca ili zamjena proizvoda ne\u0107e biti mogu\u0107!<\/span><\/span><\/span><\/i><\/p>\n<p><i><span style=\"font-weight: 400\"><span style=\"vertical-align: inherit\"><span style=\"vertical-align: inherit\">Va\u0161 proizvod \u0107e biti zamijenjen ili \u0107e vam novac biti vra\u0107en u roku od 8 radnih dana od prijema va\u0161e po\u0161iljke.<\/span><\/span><\/span><\/i><\/p>\n","protected":false},"excerpt":{"rendered":"<p>REKLAMACIJE I ZAMJENE \u017dALBE Ako imate pritu\u017ebu na proizvod ili na\u0161u uslugu, slobodno nas kontaktirajte (hr@scroll-zone.com ). Budite sigurni da smo spremni i sposobni da rije\u0161imo svaku situaciju koja se mo\u017ee pojaviti. Proizvodi koji su potro\u0161ni materijal ili proizvodi koji dolaze u dodir s ko\u017eom ili intimnim dijelovima tijela nisu predmet reklamacija.\u00a0 Povrat novca ili &hellip; <a href=\"https:\/\/scroll-zone.com\/hr\/reklamacije-i-zamene\/\">Continued<\/a><\/p>\n","protected":false},"author":1,"featured_media":0,"parent":0,"menu_order":0,"comment_status":"closed","ping_status":"closed","template":"","meta":{"inline_featured_image":false,"footnotes":""},"class_list":["post-102","page","type-page","status-publish","hentry"],"acf":[],"_links":{"self":[{"href":"https:\/\/scroll-zone.com\/hr\/wp-json\/wp\/v2\/pages\/102","targetHints":{"allow":["GET"]}}],"collection":[{"href":"https:\/\/scroll-zone.com\/hr\/wp-json\/wp\/v2\/pages"}],"about":[{"href":"https:\/\/scroll-zone.com\/hr\/wp-json\/wp\/v2\/types\/page"}],"author":[{"embeddable":true,"href":"https:\/\/scroll-zone.com\/hr\/wp-json\/wp\/v2\/users\/1"}],"replies":[{"embeddable":true,"href":"https:\/\/scroll-zone.com\/hr\/wp-json\/wp\/v2\/comments?post=102"}],"version-history":[{"count":8,"href":"https:\/\/scroll-zone.com\/hr\/wp-json\/wp\/v2\/pages\/102\/revisions"}],"predecessor-version":[{"id":15079,"href":"https:\/\/scroll-zone.com\/hr\/wp-json\/wp\/v2\/pages\/102\/revisions\/15079"}],"wp:attachment":[{"href":"https:\/\/scroll-zone.com\/hr\/wp-json\/wp\/v2\/media?parent=102"}],"curies":[{"name":"wp","href":"https:\/\/api.w.org\/{rel}","templated":true}]}}