{"id":12624,"date":"2025-12-02T21:21:03","date_gmt":"2025-12-02T20:21:03","guid":{"rendered":"https:\/\/scroll-zone.com\/ee\/proizvod\/cam1-product\/"},"modified":"2025-12-09T00:09:21","modified_gmt":"2025-12-08T23:09:21","slug":"ultra-kerge-4k-kaamera","status":"publish","type":"product","link":"https:\/\/scroll-zone.com\/ee\/proizvod\/ultra-kerge-4k-kaamera\/","title":{"rendered":"Ultra kerge 4K kaamera"},"content":{"rendered":"","protected":false},"excerpt":{"rendered":"<p>POV Capture Pro pakub t\u00e4iuslikku 4K stabiilset salvestust igal hetkel, ilma k\u00e4si kasutamata. See on loodud j\u00e4lgima iga sinu liigutust &#8211; alates kiirustamisest kuni igap\u00e4evaste hetkedeni. Kerge, veekindel ja kantav s\u00fcsteem muudab salvestamise lihtsamaks kui kunagi varem.<\/p>\n","protected":false},"featured_media":12625,"comment_status":"closed","ping_status":"closed","template":"","meta":{"inline_featured_image":false},"product_brand":[],"product_cat":[25,27,35,24],"product_tag":[],"class_list":{"0":"post-12624","1":"product","2":"type-product","3":"status-publish","4":"has-post-thumbnail","6":"product_cat-car","7":"product_cat-home","8":"product_cat-fun","9":"product_cat-sale","11":"first","12":"instock","13":"sale","14":"taxable","15":"shipping-taxable","16":"purchasable","17":"product-type-simple"},"acf":[],"_links":{"self":[{"href":"https:\/\/scroll-zone.com\/ee\/wp-json\/wp\/v2\/product\/12624","targetHints":{"allow":["GET"]}}],"collection":[{"href":"https:\/\/scroll-zone.com\/ee\/wp-json\/wp\/v2\/product"}],"about":[{"href":"https:\/\/scroll-zone.com\/ee\/wp-json\/wp\/v2\/types\/product"}],"replies":[{"embeddable":true,"href":"https:\/\/scroll-zone.com\/ee\/wp-json\/wp\/v2\/comments?post=12624"}],"wp:featuredmedia":[{"embeddable":true,"href":"https:\/\/scroll-zone.com\/ee\/wp-json\/wp\/v2\/media\/12625"}],"wp:attachment":[{"href":"https:\/\/scroll-zone.com\/ee\/wp-json\/wp\/v2\/media?parent=12624"}],"wp:term":[{"taxonomy":"product_brand","embeddable":true,"href":"https:\/\/scroll-zone.com\/ee\/wp-json\/wp\/v2\/product_brand?post=12624"},{"taxonomy":"product_cat","embeddable":true,"href":"https:\/\/scroll-zone.com\/ee\/wp-json\/wp\/v2\/product_cat?post=12624"},{"taxonomy":"product_tag","embeddable":true,"href":"https:\/\/scroll-zone.com\/ee\/wp-json\/wp\/v2\/product_tag?post=12624"}],"curies":[{"name":"wp","href":"https:\/\/api.w.org\/{rel}","templated":true}]}}