{"id":12533,"date":"2025-11-17T22:16:23","date_gmt":"2025-11-17T21:16:23","guid":{"rendered":"https:\/\/scroll-zone.com\/ee\/proizvod\/dino-product\/"},"modified":"2026-03-10T11:11:24","modified_gmt":"2026-03-10T10:11:24","slug":"taispuhutav-dinosaurus-lastele","status":"publish","type":"product","link":"https:\/\/scroll-zone.com\/ee\/proizvod\/taispuhutav-dinosaurus-lastele\/","title":{"rendered":"T\u00e4ispuhutav dinosaurus lastele"},"content":{"rendered":"","protected":false},"excerpt":{"rendered":"<p>Muutke m\u00e4ng t\u00f5eliseks jura seikluseks.<br \/>\nRealistlik dinosauruse disain punase-musta detailidega.<br \/>\nLED-silmad annavad \u00f6\u00f6sel suurejoonelise efekti.<\/p>\n","protected":false},"featured_media":12534,"comment_status":"closed","ping_status":"closed","template":"","meta":{"inline_featured_image":false},"product_brand":[],"product_cat":[25,27,26],"product_tag":[],"class_list":{"0":"post-12533","1":"product","2":"type-product","3":"status-publish","4":"has-post-thumbnail","6":"product_cat-car","7":"product_cat-home","8":"product_cat-tervis","10":"first","11":"instock","12":"sale","13":"taxable","14":"shipping-taxable","15":"purchasable","16":"product-type-simple"},"acf":[],"_links":{"self":[{"href":"https:\/\/scroll-zone.com\/ee\/wp-json\/wp\/v2\/product\/12533","targetHints":{"allow":["GET"]}}],"collection":[{"href":"https:\/\/scroll-zone.com\/ee\/wp-json\/wp\/v2\/product"}],"about":[{"href":"https:\/\/scroll-zone.com\/ee\/wp-json\/wp\/v2\/types\/product"}],"replies":[{"embeddable":true,"href":"https:\/\/scroll-zone.com\/ee\/wp-json\/wp\/v2\/comments?post=12533"}],"wp:featuredmedia":[{"embeddable":true,"href":"https:\/\/scroll-zone.com\/ee\/wp-json\/wp\/v2\/media\/12534"}],"wp:attachment":[{"href":"https:\/\/scroll-zone.com\/ee\/wp-json\/wp\/v2\/media?parent=12533"}],"wp:term":[{"taxonomy":"product_brand","embeddable":true,"href":"https:\/\/scroll-zone.com\/ee\/wp-json\/wp\/v2\/product_brand?post=12533"},{"taxonomy":"product_cat","embeddable":true,"href":"https:\/\/scroll-zone.com\/ee\/wp-json\/wp\/v2\/product_cat?post=12533"},{"taxonomy":"product_tag","embeddable":true,"href":"https:\/\/scroll-zone.com\/ee\/wp-json\/wp\/v2\/product_tag?post=12533"}],"curies":[{"name":"wp","href":"https:\/\/api.w.org\/{rel}","templated":true}]}}