{"id":12004,"date":"2025-06-02T10:13:10","date_gmt":"2025-06-02T08:13:10","guid":{"rendered":"https:\/\/scroll-zone.com\/ee\/proizvod\/stormtool-product\/"},"modified":"2026-03-10T11:14:35","modified_gmt":"2026-03-10T10:14:35","slug":"professionaalne-soidukite-puhastus-max-pro","status":"publish","type":"product","link":"https:\/\/scroll-zone.com\/ee\/proizvod\/professionaalne-soidukite-puhastus-max-pro\/","title":{"rendered":"Professionaalne S\u00f5idukite Puhastus-Max Pro"},"content":{"rendered":"","protected":false},"excerpt":{"rendered":"<p>T\u00e4iuslik t\u00f6\u00f6riist auto kiireks ja t\u00f5husaks puhastamiseks. T\u00e4nu v\u00f5imsale mootorile, kohandatavatele seadetele ja kergele disainile pakub see seade tipptasemel tulemusi. Sobib k\u00f5igi \u00fclesannete jaoks \u2013 alates sisemistest detailidest kuni v\u00e4lise hoolduseni.<\/p>\n","protected":false},"featured_media":12010,"comment_status":"closed","ping_status":"closed","template":"","meta":{"inline_featured_image":false},"product_brand":[],"product_cat":[15,25,27],"product_tag":[],"class_list":{"0":"post-12004","1":"product","2":"type-product","3":"status-publish","4":"has-post-thumbnail","6":"product_cat-uncategorized","7":"product_cat-car","8":"product_cat-home","10":"first","11":"instock","12":"sale","13":"taxable","14":"shipping-taxable","15":"purchasable","16":"product-type-simple"},"acf":[],"_links":{"self":[{"href":"https:\/\/scroll-zone.com\/ee\/wp-json\/wp\/v2\/product\/12004","targetHints":{"allow":["GET"]}}],"collection":[{"href":"https:\/\/scroll-zone.com\/ee\/wp-json\/wp\/v2\/product"}],"about":[{"href":"https:\/\/scroll-zone.com\/ee\/wp-json\/wp\/v2\/types\/product"}],"replies":[{"embeddable":true,"href":"https:\/\/scroll-zone.com\/ee\/wp-json\/wp\/v2\/comments?post=12004"}],"wp:featuredmedia":[{"embeddable":true,"href":"https:\/\/scroll-zone.com\/ee\/wp-json\/wp\/v2\/media\/12010"}],"wp:attachment":[{"href":"https:\/\/scroll-zone.com\/ee\/wp-json\/wp\/v2\/media?parent=12004"}],"wp:term":[{"taxonomy":"product_brand","embeddable":true,"href":"https:\/\/scroll-zone.com\/ee\/wp-json\/wp\/v2\/product_brand?post=12004"},{"taxonomy":"product_cat","embeddable":true,"href":"https:\/\/scroll-zone.com\/ee\/wp-json\/wp\/v2\/product_cat?post=12004"},{"taxonomy":"product_tag","embeddable":true,"href":"https:\/\/scroll-zone.com\/ee\/wp-json\/wp\/v2\/product_tag?post=12004"}],"curies":[{"name":"wp","href":"https:\/\/api.w.org\/{rel}","templated":true}]}}