{"id":10937,"date":"2024-06-07T13:41:02","date_gmt":"2024-06-07T11:41:02","guid":{"rendered":"https:\/\/scroll-zone.com\/ee\/?post_type=product&#038;p=10937"},"modified":"2024-08-20T12:46:30","modified_gmt":"2024-08-20T10:46:30","slug":"drift-rc-auto","status":"publish","type":"product","link":"https:\/\/scroll-zone.com\/ee\/proizvod\/drift-rc-auto\/","title":{"rendered":"Puldiga driftiauto"},"content":{"rendered":"","protected":false},"excerpt":{"rendered":"<p>Muutke oma kodu m\u00e4nguautode driftirajaks. Ebatavaline m\u00e4nguviis hoiab teie t\u00e4helepanu pikka aega ja pakub unustamatut l\u00f5bu!<\/p>\n","protected":false},"featured_media":10939,"comment_status":"closed","ping_status":"closed","template":"","meta":{"inline_featured_image":false},"product_brand":[],"product_cat":[15,35],"product_tag":[],"class_list":{"0":"post-10937","1":"product","2":"type-product","3":"status-publish","4":"has-post-thumbnail","6":"product_cat-uncategorized","7":"product_cat-fun","9":"first","10":"instock","11":"sale","12":"taxable","13":"shipping-taxable","14":"purchasable","15":"product-type-simple"},"acf":[],"_links":{"self":[{"href":"https:\/\/scroll-zone.com\/ee\/wp-json\/wp\/v2\/product\/10937","targetHints":{"allow":["GET"]}}],"collection":[{"href":"https:\/\/scroll-zone.com\/ee\/wp-json\/wp\/v2\/product"}],"about":[{"href":"https:\/\/scroll-zone.com\/ee\/wp-json\/wp\/v2\/types\/product"}],"replies":[{"embeddable":true,"href":"https:\/\/scroll-zone.com\/ee\/wp-json\/wp\/v2\/comments?post=10937"}],"wp:featuredmedia":[{"embeddable":true,"href":"https:\/\/scroll-zone.com\/ee\/wp-json\/wp\/v2\/media\/10939"}],"wp:attachment":[{"href":"https:\/\/scroll-zone.com\/ee\/wp-json\/wp\/v2\/media?parent=10937"}],"wp:term":[{"taxonomy":"product_brand","embeddable":true,"href":"https:\/\/scroll-zone.com\/ee\/wp-json\/wp\/v2\/product_brand?post=10937"},{"taxonomy":"product_cat","embeddable":true,"href":"https:\/\/scroll-zone.com\/ee\/wp-json\/wp\/v2\/product_cat?post=10937"},{"taxonomy":"product_tag","embeddable":true,"href":"https:\/\/scroll-zone.com\/ee\/wp-json\/wp\/v2\/product_tag?post=10937"}],"curies":[{"name":"wp","href":"https:\/\/api.w.org\/{rel}","templated":true}]}}