{"id":4091,"date":"2022-06-17T14:36:40","date_gmt":"2022-06-17T12:36:40","guid":{"rendered":"https:\/\/scroll-zone.com\/cz\/?post_type=product&#038;p=4091"},"modified":"2024-06-20T09:21:57","modified_gmt":"2024-06-20T07:21:57","slug":"rolovaci-slunecni-clona-do-auta-a-okna","status":"publish","type":"product","link":"https:\/\/scroll-zone.com\/cz\/produkt\/rolovaci-slunecni-clona-do-auta-a-okna\/","title":{"rendered":"Rolovac\u00ed slune\u010dn\u00ed clona do auta a okna"},"content":{"rendered":"","protected":false},"excerpt":{"rendered":"<p>Sni\u017ete UV z\u00e1\u0159en\u00ed a slune\u010dn\u00ed z\u00e1\u0159en\u00ed ve va\u0161em aut\u011b a zp\u0159\u00edjemn\u011bte si j\u00edzdu. Pou\u017eijte tuto ochranu pro v\u0161echny m\u00edstnosti, kde je pot\u0159eba!<\/p>\n","protected":false},"featured_media":4100,"comment_status":"closed","ping_status":"closed","template":"","meta":{"inline_featured_image":false},"product_brand":[],"product_cat":[15,25],"product_tag":[],"class_list":{"0":"post-4091","1":"product","2":"type-product","3":"status-publish","4":"has-post-thumbnail","6":"product_cat-uncategorized","7":"product_cat-car","9":"first","10":"instock","11":"sale","12":"taxable","13":"shipping-taxable","14":"purchasable","15":"product-type-simple"},"acf":[],"_links":{"self":[{"href":"https:\/\/scroll-zone.com\/cz\/wp-json\/wp\/v2\/product\/4091","targetHints":{"allow":["GET"]}}],"collection":[{"href":"https:\/\/scroll-zone.com\/cz\/wp-json\/wp\/v2\/product"}],"about":[{"href":"https:\/\/scroll-zone.com\/cz\/wp-json\/wp\/v2\/types\/product"}],"replies":[{"embeddable":true,"href":"https:\/\/scroll-zone.com\/cz\/wp-json\/wp\/v2\/comments?post=4091"}],"wp:featuredmedia":[{"embeddable":true,"href":"https:\/\/scroll-zone.com\/cz\/wp-json\/wp\/v2\/media\/4100"}],"wp:attachment":[{"href":"https:\/\/scroll-zone.com\/cz\/wp-json\/wp\/v2\/media?parent=4091"}],"wp:term":[{"taxonomy":"product_brand","embeddable":true,"href":"https:\/\/scroll-zone.com\/cz\/wp-json\/wp\/v2\/product_brand?post=4091"},{"taxonomy":"product_cat","embeddable":true,"href":"https:\/\/scroll-zone.com\/cz\/wp-json\/wp\/v2\/product_cat?post=4091"},{"taxonomy":"product_tag","embeddable":true,"href":"https:\/\/scroll-zone.com\/cz\/wp-json\/wp\/v2\/product_tag?post=4091"}],"curies":[{"name":"wp","href":"https:\/\/api.w.org\/{rel}","templated":true}]}}