{"id":23765,"date":"2025-10-10T08:30:04","date_gmt":"2025-10-10T06:30:04","guid":{"rendered":"https:\/\/scroll-zone.com\/cz\/produkt\/plish-product\/"},"modified":"2026-03-10T20:30:26","modified_gmt":"2026-03-10T19:30:26","slug":"chytry-plysovy-pes-jezevcik","status":"publish","type":"product","link":"https:\/\/scroll-zone.com\/cz\/produkt\/chytry-plysovy-pes-jezevcik\/","title":{"rendered":"Chytr\u00fd ply\u0161ov\u00fd pes jezev\u010d\u00edk"},"content":{"rendered":"","protected":false},"excerpt":{"rendered":"<p>Seznamte se s ply\u0161ov\u00fdm mazl\u00ed\u010dkem, kter\u00fd vypad\u00e1 jako skute\u010dn\u00fd pes.<\/p>\n<p>Reaguje na dotek, vrt\u00ed ocasem a nakl\u00e1n\u00ed hlavu jako \u017eiv\u00e9 \u0161t\u011bn\u011b.<\/p>\n<p>M\u011bkk\u00fd, tepl\u00fd a neodolateln\u011b skute\u010dn\u00fd \u2014 ide\u00e1ln\u00ed p\u0159\u00edtel pro d\u011bti i dosp\u011bl\u00e9.<\/p>\n","protected":false},"featured_media":23774,"comment_status":"closed","ping_status":"closed","template":"","meta":{"inline_featured_image":false},"product_brand":[],"product_cat":[15,27,35],"product_tag":[],"class_list":{"0":"post-23765","1":"product","2":"type-product","3":"status-publish","4":"has-post-thumbnail","6":"product_cat-uncategorized","7":"product_cat-home","8":"product_cat-fun","10":"first","11":"instock","12":"sale","13":"taxable","14":"shipping-taxable","15":"purchasable","16":"product-type-simple"},"acf":[],"_links":{"self":[{"href":"https:\/\/scroll-zone.com\/cz\/wp-json\/wp\/v2\/product\/23765","targetHints":{"allow":["GET"]}}],"collection":[{"href":"https:\/\/scroll-zone.com\/cz\/wp-json\/wp\/v2\/product"}],"about":[{"href":"https:\/\/scroll-zone.com\/cz\/wp-json\/wp\/v2\/types\/product"}],"replies":[{"embeddable":true,"href":"https:\/\/scroll-zone.com\/cz\/wp-json\/wp\/v2\/comments?post=23765"}],"wp:featuredmedia":[{"embeddable":true,"href":"https:\/\/scroll-zone.com\/cz\/wp-json\/wp\/v2\/media\/23774"}],"wp:attachment":[{"href":"https:\/\/scroll-zone.com\/cz\/wp-json\/wp\/v2\/media?parent=23765"}],"wp:term":[{"taxonomy":"product_brand","embeddable":true,"href":"https:\/\/scroll-zone.com\/cz\/wp-json\/wp\/v2\/product_brand?post=23765"},{"taxonomy":"product_cat","embeddable":true,"href":"https:\/\/scroll-zone.com\/cz\/wp-json\/wp\/v2\/product_cat?post=23765"},{"taxonomy":"product_tag","embeddable":true,"href":"https:\/\/scroll-zone.com\/cz\/wp-json\/wp\/v2\/product_tag?post=23765"}],"curies":[{"name":"wp","href":"https:\/\/api.w.org\/{rel}","templated":true}]}}