{"id":23022,"date":"2025-08-27T20:56:48","date_gmt":"2025-08-27T18:56:48","guid":{"rendered":"https:\/\/scroll-zone.com\/cz\/?post_type=product&#038;p=23022"},"modified":"2026-03-10T20:32:10","modified_gmt":"2026-03-10T19:32:10","slug":"blazniva-zahradni-hra-granny-pants","status":"publish","type":"product","link":"https:\/\/scroll-zone.com\/cz\/produkt\/blazniva-zahradni-hra-granny-pants\/","title":{"rendered":"Bl\u00e1zniv\u00e1 zahradn\u00ed hra \u2013 Granny Pants"},"content":{"rendered":"","protected":false},"excerpt":{"rendered":"<p>Vstupte do z\u00e1bavy s Granny Pants, hrou, kter\u00e1 zaru\u010duje sm\u00edch, pohyb a nezapomenuteln\u00e9 chv\u00edle pro celou rodinu a p\u0159\u00e1tele. Perfektn\u00ed na zahradu, grilov\u00e1n\u00ed, \u0161koln\u00ed aktivity a narozeninov\u00e9 oslavy. Snadn\u00e9 sestaven\u00ed, univerz\u00e1ln\u00ed velikost a z\u00e1bava pro v\u0161echny v\u011bkov\u00e9 kategorie.<\/p>\n<p>&nbsp;<\/p>\n<p>&nbsp;<\/p>\n","protected":false},"featured_media":23026,"comment_status":"closed","ping_status":"closed","template":"","meta":{"inline_featured_image":false},"product_brand":[],"product_cat":[15],"product_tag":[],"class_list":{"0":"post-23022","1":"product","2":"type-product","3":"status-publish","4":"has-post-thumbnail","6":"product_cat-uncategorized","8":"first","9":"instock","10":"sale","11":"taxable","12":"shipping-taxable","13":"purchasable","14":"product-type-simple"},"acf":[],"_links":{"self":[{"href":"https:\/\/scroll-zone.com\/cz\/wp-json\/wp\/v2\/product\/23022","targetHints":{"allow":["GET"]}}],"collection":[{"href":"https:\/\/scroll-zone.com\/cz\/wp-json\/wp\/v2\/product"}],"about":[{"href":"https:\/\/scroll-zone.com\/cz\/wp-json\/wp\/v2\/types\/product"}],"replies":[{"embeddable":true,"href":"https:\/\/scroll-zone.com\/cz\/wp-json\/wp\/v2\/comments?post=23022"}],"wp:featuredmedia":[{"embeddable":true,"href":"https:\/\/scroll-zone.com\/cz\/wp-json\/wp\/v2\/media\/23026"}],"wp:attachment":[{"href":"https:\/\/scroll-zone.com\/cz\/wp-json\/wp\/v2\/media?parent=23022"}],"wp:term":[{"taxonomy":"product_brand","embeddable":true,"href":"https:\/\/scroll-zone.com\/cz\/wp-json\/wp\/v2\/product_brand?post=23022"},{"taxonomy":"product_cat","embeddable":true,"href":"https:\/\/scroll-zone.com\/cz\/wp-json\/wp\/v2\/product_cat?post=23022"},{"taxonomy":"product_tag","embeddable":true,"href":"https:\/\/scroll-zone.com\/cz\/wp-json\/wp\/v2\/product_tag?post=23022"}],"curies":[{"name":"wp","href":"https:\/\/api.w.org\/{rel}","templated":true}]}}