{"id":22917,"date":"2025-08-19T12:55:39","date_gmt":"2025-08-19T10:55:39","guid":{"rendered":"https:\/\/scroll-zone.com\/cz\/?post_type=product&#038;p=22917"},"modified":"2025-08-21T12:10:15","modified_gmt":"2025-08-21T10:10:15","slug":"pas-na-podporu-pri-shybech","status":"publish","type":"product","link":"https:\/\/scroll-zone.com\/cz\/produkt\/pas-na-podporu-pri-shybech\/","title":{"rendered":"P\u00e1s na podporu p\u0159i shybech"},"content":{"rendered":"","protected":false},"excerpt":{"rendered":"<p>Zlep\u0161i sv\u016fj dom\u00e1c\u00ed tr\u00e9nink pomoc\u00ed p\u00e1su na shyby, kter\u00fd nab\u00edz\u00ed stabilitu, bezpe\u010dnost a efektivitu p\u0159i ka\u017ed\u00e9m pohybu.<br data-start=\"1620\" data-end=\"1623\" \/>Bez asistenta a bez z\u00e1t\u011b\u017ee \u2013 jen ty, tv\u00e1 s\u00edla a chytr\u00fd n\u00e1stroj pro cvi\u010den\u00ed.<br data-start=\"1698\" data-end=\"1701\" \/>Ide\u00e1ln\u00ed dopln\u011bk pro v\u0161echny \u00farovn\u011b kondice.<\/p>\n","protected":false},"featured_media":22919,"comment_status":"open","ping_status":"closed","template":"","meta":{"inline_featured_image":false},"product_brand":[],"product_cat":[15,35],"product_tag":[],"class_list":{"0":"post-22917","1":"product","2":"type-product","3":"status-publish","4":"has-post-thumbnail","6":"product_cat-uncategorized","7":"product_cat-fun","9":"first","10":"instock","11":"sale","12":"taxable","13":"shipping-taxable","14":"purchasable","15":"product-type-simple"},"acf":[],"_links":{"self":[{"href":"https:\/\/scroll-zone.com\/cz\/wp-json\/wp\/v2\/product\/22917","targetHints":{"allow":["GET"]}}],"collection":[{"href":"https:\/\/scroll-zone.com\/cz\/wp-json\/wp\/v2\/product"}],"about":[{"href":"https:\/\/scroll-zone.com\/cz\/wp-json\/wp\/v2\/types\/product"}],"replies":[{"embeddable":true,"href":"https:\/\/scroll-zone.com\/cz\/wp-json\/wp\/v2\/comments?post=22917"}],"wp:featuredmedia":[{"embeddable":true,"href":"https:\/\/scroll-zone.com\/cz\/wp-json\/wp\/v2\/media\/22919"}],"wp:attachment":[{"href":"https:\/\/scroll-zone.com\/cz\/wp-json\/wp\/v2\/media?parent=22917"}],"wp:term":[{"taxonomy":"product_brand","embeddable":true,"href":"https:\/\/scroll-zone.com\/cz\/wp-json\/wp\/v2\/product_brand?post=22917"},{"taxonomy":"product_cat","embeddable":true,"href":"https:\/\/scroll-zone.com\/cz\/wp-json\/wp\/v2\/product_cat?post=22917"},{"taxonomy":"product_tag","embeddable":true,"href":"https:\/\/scroll-zone.com\/cz\/wp-json\/wp\/v2\/product_tag?post=22917"}],"curies":[{"name":"wp","href":"https:\/\/api.w.org\/{rel}","templated":true}]}}