{"id":22579,"date":"2025-07-04T16:02:11","date_gmt":"2025-07-04T14:02:11","guid":{"rendered":"https:\/\/scroll-zone.com\/cz\/?post_type=product&#038;p=22579"},"modified":"2026-03-10T20:33:18","modified_gmt":"2026-03-10T19:33:18","slug":"zvukova-kniha-pro-vyuku-anglictiny","status":"publish","type":"product","link":"https:\/\/scroll-zone.com\/cz\/produkt\/zvukova-kniha-pro-vyuku-anglictiny\/","title":{"rendered":"Zvukov\u00e1 kniha pro v\u00fduku angli\u010dtiny"},"content":{"rendered":"","protected":false},"excerpt":{"rendered":"<p>Interaktivn\u00ed kniha se zvukem pom\u00e1h\u00e1 d\u011btem nau\u010dit se v\u00edce ne\u017e 470 anglick\u00fdch slov. Obsahuje 21 z\u00e1bavn\u00fdch t\u00e9mat, kv\u00edz\u016f a p\u00edsni\u010dek pro hrav\u00e9 u\u010den\u00ed. Ide\u00e1ln\u00ed d\u00e1rek pro dom\u00e1c\u00ed pou\u017eit\u00ed, \u0161kolku nebo \u0161kolu.<\/p>\n","protected":false},"featured_media":22583,"comment_status":"open","ping_status":"closed","template":"","meta":{"inline_featured_image":false},"product_brand":[],"product_cat":[15,35],"product_tag":[],"class_list":{"0":"post-22579","1":"product","2":"type-product","3":"status-publish","4":"has-post-thumbnail","6":"product_cat-uncategorized","7":"product_cat-fun","9":"first","10":"instock","11":"sale","12":"taxable","13":"shipping-taxable","14":"purchasable","15":"product-type-simple"},"acf":[],"_links":{"self":[{"href":"https:\/\/scroll-zone.com\/cz\/wp-json\/wp\/v2\/product\/22579","targetHints":{"allow":["GET"]}}],"collection":[{"href":"https:\/\/scroll-zone.com\/cz\/wp-json\/wp\/v2\/product"}],"about":[{"href":"https:\/\/scroll-zone.com\/cz\/wp-json\/wp\/v2\/types\/product"}],"replies":[{"embeddable":true,"href":"https:\/\/scroll-zone.com\/cz\/wp-json\/wp\/v2\/comments?post=22579"}],"wp:featuredmedia":[{"embeddable":true,"href":"https:\/\/scroll-zone.com\/cz\/wp-json\/wp\/v2\/media\/22583"}],"wp:attachment":[{"href":"https:\/\/scroll-zone.com\/cz\/wp-json\/wp\/v2\/media?parent=22579"}],"wp:term":[{"taxonomy":"product_brand","embeddable":true,"href":"https:\/\/scroll-zone.com\/cz\/wp-json\/wp\/v2\/product_brand?post=22579"},{"taxonomy":"product_cat","embeddable":true,"href":"https:\/\/scroll-zone.com\/cz\/wp-json\/wp\/v2\/product_cat?post=22579"},{"taxonomy":"product_tag","embeddable":true,"href":"https:\/\/scroll-zone.com\/cz\/wp-json\/wp\/v2\/product_tag?post=22579"}],"curies":[{"name":"wp","href":"https:\/\/api.w.org\/{rel}","templated":true}]}}