{"id":22028,"date":"2025-06-05T12:55:36","date_gmt":"2025-06-05T10:55:36","guid":{"rendered":"https:\/\/scroll-zone.com\/cz\/produkt\/garagedisplayvo-product\/"},"modified":"2026-03-10T20:33:58","modified_gmt":"2026-03-10T19:33:58","slug":"luxusni-garaz-pro-sberatelske-modely-aut-2","status":"publish","type":"product","link":"https:\/\/scroll-zone.com\/cz\/produkt\/luxusni-garaz-pro-sberatelske-modely-aut-2\/","title":{"rendered":"Luxusn\u00ed gar\u00e1\u017e pro sb\u011bratelsk\u00e9 modely aut"},"content":{"rendered":"","protected":false},"excerpt":{"rendered":"<p data-start=\"2430\" data-end=\"2774\">Tato luxusn\u00ed mini gar\u00e1\u017e je dokonal\u00fdm \u0159e\u0161en\u00edm pro vystaven\u00ed va\u0161ich sb\u011bratelsk\u00fdch model\u016f automobil\u016f. Se stylov\u00fdm LED osv\u011btlen\u00edm a modern\u00edm designem nab\u00edz\u00ed elegantn\u00ed prostor pro jeden model. M\u016f\u017eete si objednat v\u00edce gar\u00e1\u017e\u00ed a vytvo\u0159it v\u011bt\u0161\u00ed sb\u00edrku. Vyrobena je z vysoce kvalitn\u00edch materi\u00e1l\u016f, co\u017e zaru\u010duje dlouhou \u017eivotnost a bezpe\u010dnost va\u0161\u00ed kolekce.<\/p>\n","protected":false},"featured_media":22035,"comment_status":"closed","ping_status":"closed","template":"","meta":{"inline_featured_image":false},"product_brand":[],"product_cat":[15,25,27,35],"product_tag":[],"class_list":{"0":"post-22028","1":"product","2":"type-product","3":"status-publish","4":"has-post-thumbnail","6":"product_cat-uncategorized","7":"product_cat-car","8":"product_cat-home","9":"product_cat-fun","11":"first","12":"instock","13":"sale","14":"taxable","15":"shipping-taxable","16":"purchasable","17":"product-type-simple"},"acf":[],"_links":{"self":[{"href":"https:\/\/scroll-zone.com\/cz\/wp-json\/wp\/v2\/product\/22028","targetHints":{"allow":["GET"]}}],"collection":[{"href":"https:\/\/scroll-zone.com\/cz\/wp-json\/wp\/v2\/product"}],"about":[{"href":"https:\/\/scroll-zone.com\/cz\/wp-json\/wp\/v2\/types\/product"}],"replies":[{"embeddable":true,"href":"https:\/\/scroll-zone.com\/cz\/wp-json\/wp\/v2\/comments?post=22028"}],"wp:featuredmedia":[{"embeddable":true,"href":"https:\/\/scroll-zone.com\/cz\/wp-json\/wp\/v2\/media\/22035"}],"wp:attachment":[{"href":"https:\/\/scroll-zone.com\/cz\/wp-json\/wp\/v2\/media?parent=22028"}],"wp:term":[{"taxonomy":"product_brand","embeddable":true,"href":"https:\/\/scroll-zone.com\/cz\/wp-json\/wp\/v2\/product_brand?post=22028"},{"taxonomy":"product_cat","embeddable":true,"href":"https:\/\/scroll-zone.com\/cz\/wp-json\/wp\/v2\/product_cat?post=22028"},{"taxonomy":"product_tag","embeddable":true,"href":"https:\/\/scroll-zone.com\/cz\/wp-json\/wp\/v2\/product_tag?post=22028"}],"curies":[{"name":"wp","href":"https:\/\/api.w.org\/{rel}","templated":true}]}}