{"id":20096,"date":"2024-12-29T04:22:50","date_gmt":"2024-12-29T03:22:50","guid":{"rendered":"https:\/\/scroll-zone.com\/cz\/?post_type=product&#038;p=20096"},"modified":"2025-12-27T06:47:15","modified_gmt":"2025-12-27T05:47:15","slug":"magicka-bezpecna-police","status":"publish","type":"product","link":"https:\/\/scroll-zone.com\/cz\/produkt\/magicka-bezpecna-police\/","title":{"rendered":"Magick\u00e1 bezpe\u010dn\u00e1 police"},"content":{"rendered":"","protected":false},"excerpt":{"rendered":"<p>Prom\u011b\u0148te sv\u016fj prostor pomoc\u00ed elegantn\u00ed police, kter\u00e1 kombinuje modern\u00ed design a skrytou funk\u010dnost. D\u00edky neviditeln\u00e9 tajn\u00e9 p\u0159ihr\u00e1dce v\u00e1m tento jedine\u010dn\u00fd kousek umo\u017en\u00ed bezpe\u010dn\u011b a diskr\u00e9tn\u011b ulo\u017eit va\u0161e cennosti.<\/p>\n","protected":false},"featured_media":20101,"comment_status":"open","ping_status":"closed","template":"","meta":{"inline_featured_image":false},"product_brand":[],"product_cat":[15,35],"product_tag":[],"class_list":{"0":"post-20096","1":"product","2":"type-product","3":"status-publish","4":"has-post-thumbnail","6":"product_cat-uncategorized","7":"product_cat-fun","9":"first","10":"instock","11":"sale","12":"taxable","13":"shipping-taxable","14":"purchasable","15":"product-type-simple"},"acf":[],"_links":{"self":[{"href":"https:\/\/scroll-zone.com\/cz\/wp-json\/wp\/v2\/product\/20096","targetHints":{"allow":["GET"]}}],"collection":[{"href":"https:\/\/scroll-zone.com\/cz\/wp-json\/wp\/v2\/product"}],"about":[{"href":"https:\/\/scroll-zone.com\/cz\/wp-json\/wp\/v2\/types\/product"}],"replies":[{"embeddable":true,"href":"https:\/\/scroll-zone.com\/cz\/wp-json\/wp\/v2\/comments?post=20096"}],"wp:featuredmedia":[{"embeddable":true,"href":"https:\/\/scroll-zone.com\/cz\/wp-json\/wp\/v2\/media\/20101"}],"wp:attachment":[{"href":"https:\/\/scroll-zone.com\/cz\/wp-json\/wp\/v2\/media?parent=20096"}],"wp:term":[{"taxonomy":"product_brand","embeddable":true,"href":"https:\/\/scroll-zone.com\/cz\/wp-json\/wp\/v2\/product_brand?post=20096"},{"taxonomy":"product_cat","embeddable":true,"href":"https:\/\/scroll-zone.com\/cz\/wp-json\/wp\/v2\/product_cat?post=20096"},{"taxonomy":"product_tag","embeddable":true,"href":"https:\/\/scroll-zone.com\/cz\/wp-json\/wp\/v2\/product_tag?post=20096"}],"curies":[{"name":"wp","href":"https:\/\/api.w.org\/{rel}","templated":true}]}}