{"id":19357,"date":"2024-10-09T12:40:57","date_gmt":"2024-10-09T10:40:57","guid":{"rendered":"https:\/\/scroll-zone.com\/cz\/?post_type=product&#038;p=19357"},"modified":"2025-01-16T13:22:23","modified_gmt":"2025-01-16T12:22:23","slug":"realisticke-oblicejove-masky","status":"publish","type":"product","link":"https:\/\/scroll-zone.com\/cz\/produkt\/realisticke-oblicejove-masky\/","title":{"rendered":"Realistick\u00e9 obli\u010dejov\u00e9 masky"},"content":{"rendered":"","protected":false},"excerpt":{"rendered":"<p>Masky nejvy\u0161\u0161\u00ed kvality vyroben\u00e9 tak, aby p\u0159ipom\u00ednaly skute\u010dn\u00e9ho \u010dlov\u011bka. Bu\u010fte st\u0159edem pozornosti na Helloween, ma\u0161karn\u00edch plesech, tematick\u00fdch ve\u010d\u00edrc\u00edch nebo p\u0159i \u017eertov\u00e1n\u00ed sv\u00fdch p\u0159\u00e1tel!<\/p>\n","protected":false},"featured_media":19367,"comment_status":"closed","ping_status":"closed","template":"","meta":{"inline_featured_image":false},"product_brand":[],"product_cat":[15,35],"product_tag":[],"class_list":{"0":"post-19357","1":"product","2":"type-product","3":"status-publish","4":"has-post-thumbnail","6":"product_cat-uncategorized","7":"product_cat-fun","9":"first","10":"instock","11":"sale","12":"taxable","13":"shipping-taxable","14":"purchasable","15":"product-type-simple"},"acf":[],"_links":{"self":[{"href":"https:\/\/scroll-zone.com\/cz\/wp-json\/wp\/v2\/product\/19357","targetHints":{"allow":["GET"]}}],"collection":[{"href":"https:\/\/scroll-zone.com\/cz\/wp-json\/wp\/v2\/product"}],"about":[{"href":"https:\/\/scroll-zone.com\/cz\/wp-json\/wp\/v2\/types\/product"}],"replies":[{"embeddable":true,"href":"https:\/\/scroll-zone.com\/cz\/wp-json\/wp\/v2\/comments?post=19357"}],"wp:featuredmedia":[{"embeddable":true,"href":"https:\/\/scroll-zone.com\/cz\/wp-json\/wp\/v2\/media\/19367"}],"wp:attachment":[{"href":"https:\/\/scroll-zone.com\/cz\/wp-json\/wp\/v2\/media?parent=19357"}],"wp:term":[{"taxonomy":"product_brand","embeddable":true,"href":"https:\/\/scroll-zone.com\/cz\/wp-json\/wp\/v2\/product_brand?post=19357"},{"taxonomy":"product_cat","embeddable":true,"href":"https:\/\/scroll-zone.com\/cz\/wp-json\/wp\/v2\/product_cat?post=19357"},{"taxonomy":"product_tag","embeddable":true,"href":"https:\/\/scroll-zone.com\/cz\/wp-json\/wp\/v2\/product_tag?post=19357"}],"curies":[{"name":"wp","href":"https:\/\/api.w.org\/{rel}","templated":true}]}}