{"id":22986,"date":"2026-03-24T18:34:08","date_gmt":"2026-03-24T17:34:08","guid":{"rendered":"https:\/\/scroll-zone.com\/ba\/?post_type=product&#038;p=22986"},"modified":"2026-03-24T18:36:18","modified_gmt":"2026-03-24T17:36:18","slug":"11-gratis-univerzalni-nastavak-za-kljuceve-wrenchextension","status":"publish","type":"product","link":"https:\/\/scroll-zone.com\/ba\/proizvod\/11-gratis-univerzalni-nastavak-za-kljuceve-wrenchextension\/","title":{"rendered":"1+1 GRATIS &#8211; Univerzalni nastavak za klju\u010deve &#8211; WrenchExtension"},"content":{"rendered":"","protected":false},"excerpt":{"rendered":"<p>WrenchExtension je nova generacija nastavka za sve klju\u010deve i bu\u0161ilice promjera od 0.3-9 mm sa kojim \u0107ete\u00a0 lako doprijeti do te\u0161ko dostupnih mjesta va\u0161eg automobila, ku\u0107anstva, i sli\u010dno.<\/p>\n","protected":false},"featured_media":6507,"comment_status":"closed","ping_status":"closed","template":"","meta":{"inline_featured_image":false},"product_brand":[],"product_cat":[15,25,27],"product_tag":[],"class_list":{"0":"post-22986","1":"product","2":"type-product","3":"status-publish","4":"has-post-thumbnail","6":"product_cat-uncategorized","7":"product_cat-car","8":"product_cat-home","10":"first","11":"instock","12":"sale","13":"shipping-taxable","14":"purchasable","15":"product-type-simple"},"acf":[],"_links":{"self":[{"href":"https:\/\/scroll-zone.com\/ba\/wp-json\/wp\/v2\/product\/22986","targetHints":{"allow":["GET"]}}],"collection":[{"href":"https:\/\/scroll-zone.com\/ba\/wp-json\/wp\/v2\/product"}],"about":[{"href":"https:\/\/scroll-zone.com\/ba\/wp-json\/wp\/v2\/types\/product"}],"replies":[{"embeddable":true,"href":"https:\/\/scroll-zone.com\/ba\/wp-json\/wp\/v2\/comments?post=22986"}],"wp:featuredmedia":[{"embeddable":true,"href":"https:\/\/scroll-zone.com\/ba\/wp-json\/wp\/v2\/media\/6507"}],"wp:attachment":[{"href":"https:\/\/scroll-zone.com\/ba\/wp-json\/wp\/v2\/media?parent=22986"}],"wp:term":[{"taxonomy":"product_brand","embeddable":true,"href":"https:\/\/scroll-zone.com\/ba\/wp-json\/wp\/v2\/product_brand?post=22986"},{"taxonomy":"product_cat","embeddable":true,"href":"https:\/\/scroll-zone.com\/ba\/wp-json\/wp\/v2\/product_cat?post=22986"},{"taxonomy":"product_tag","embeddable":true,"href":"https:\/\/scroll-zone.com\/ba\/wp-json\/wp\/v2\/product_tag?post=22986"}],"curies":[{"name":"wp","href":"https:\/\/api.w.org\/{rel}","templated":true}]}}