{"id":17674,"date":"2024-09-11T11:39:29","date_gmt":"2024-09-11T09:39:29","guid":{"rendered":"https:\/\/scroll-zone.com\/ba\/?post_type=product&#038;p=17674"},"modified":"2024-10-10T06:11:49","modified_gmt":"2024-10-10T04:11:49","slug":"kasica-za-stednju","status":"publish","type":"product","link":"https:\/\/scroll-zone.com\/ba\/proizvod\/kasica-za-stednju\/","title":{"rendered":"Kasica za \u0161tednju"},"content":{"rendered":"","protected":false},"excerpt":{"rendered":"<p>Ova prakti\u010dna kutija sa planom za u\u0161tedu jednostavno i lako \u0107e vas dovesti do zadanog cilja. Bez stresa i na zabavan na\u010din u\u0161tedite novac!<\/p>\n","protected":false},"featured_media":17681,"comment_status":"closed","ping_status":"closed","template":"","meta":{"inline_featured_image":false},"product_brand":[],"product_cat":[15,27,35],"product_tag":[],"class_list":{"0":"post-17674","1":"product","2":"type-product","3":"status-publish","4":"has-post-thumbnail","6":"product_cat-uncategorized","7":"product_cat-home","8":"product_cat-fun","10":"first","11":"instock","12":"sale","13":"shipping-taxable","14":"purchasable","15":"product-type-simple"},"acf":[],"_links":{"self":[{"href":"https:\/\/scroll-zone.com\/ba\/wp-json\/wp\/v2\/product\/17674","targetHints":{"allow":["GET"]}}],"collection":[{"href":"https:\/\/scroll-zone.com\/ba\/wp-json\/wp\/v2\/product"}],"about":[{"href":"https:\/\/scroll-zone.com\/ba\/wp-json\/wp\/v2\/types\/product"}],"replies":[{"embeddable":true,"href":"https:\/\/scroll-zone.com\/ba\/wp-json\/wp\/v2\/comments?post=17674"}],"wp:featuredmedia":[{"embeddable":true,"href":"https:\/\/scroll-zone.com\/ba\/wp-json\/wp\/v2\/media\/17681"}],"wp:attachment":[{"href":"https:\/\/scroll-zone.com\/ba\/wp-json\/wp\/v2\/media?parent=17674"}],"wp:term":[{"taxonomy":"product_brand","embeddable":true,"href":"https:\/\/scroll-zone.com\/ba\/wp-json\/wp\/v2\/product_brand?post=17674"},{"taxonomy":"product_cat","embeddable":true,"href":"https:\/\/scroll-zone.com\/ba\/wp-json\/wp\/v2\/product_cat?post=17674"},{"taxonomy":"product_tag","embeddable":true,"href":"https:\/\/scroll-zone.com\/ba\/wp-json\/wp\/v2\/product_tag?post=17674"}],"curies":[{"name":"wp","href":"https:\/\/api.w.org\/{rel}","templated":true}]}}