{"id":10358,"date":"2023-02-22T09:01:18","date_gmt":"2023-02-22T08:01:18","guid":{"rendered":"https:\/\/scroll-zone.com\/ba\/?post_type=product&#038;p=10358"},"modified":"2024-07-03T11:40:56","modified_gmt":"2024-07-03T09:40:56","slug":"dinamicna-led-traka-za-automobil","status":"publish","type":"product","link":"https:\/\/scroll-zone.com\/ba\/proizvod\/dinamicna-led-traka-za-automobil\/","title":{"rendered":"Dinami\u010dna LED traka za automobil"},"content":{"rendered":"","protected":false},"excerpt":{"rendered":"<p>Dinami\u010dna LED traka podignu\u0107e izgled va\u0161ega utomobila na vi\u0161i nivo. Jednostavna i laka instalacija , univerzalna za sve automobile.<\/p>\n","protected":false},"featured_media":10375,"comment_status":"closed","ping_status":"closed","template":"","meta":{"inline_featured_image":false},"product_brand":[],"product_cat":[15,25],"product_tag":[],"class_list":{"0":"post-10358","1":"product","2":"type-product","3":"status-publish","4":"has-post-thumbnail","6":"product_cat-uncategorized","7":"product_cat-car","9":"first","10":"instock","11":"sale","12":"shipping-taxable","13":"purchasable","14":"product-type-simple"},"acf":[],"_links":{"self":[{"href":"https:\/\/scroll-zone.com\/ba\/wp-json\/wp\/v2\/product\/10358","targetHints":{"allow":["GET"]}}],"collection":[{"href":"https:\/\/scroll-zone.com\/ba\/wp-json\/wp\/v2\/product"}],"about":[{"href":"https:\/\/scroll-zone.com\/ba\/wp-json\/wp\/v2\/types\/product"}],"replies":[{"embeddable":true,"href":"https:\/\/scroll-zone.com\/ba\/wp-json\/wp\/v2\/comments?post=10358"}],"wp:featuredmedia":[{"embeddable":true,"href":"https:\/\/scroll-zone.com\/ba\/wp-json\/wp\/v2\/media\/10375"}],"wp:attachment":[{"href":"https:\/\/scroll-zone.com\/ba\/wp-json\/wp\/v2\/media?parent=10358"}],"wp:term":[{"taxonomy":"product_brand","embeddable":true,"href":"https:\/\/scroll-zone.com\/ba\/wp-json\/wp\/v2\/product_brand?post=10358"},{"taxonomy":"product_cat","embeddable":true,"href":"https:\/\/scroll-zone.com\/ba\/wp-json\/wp\/v2\/product_cat?post=10358"},{"taxonomy":"product_tag","embeddable":true,"href":"https:\/\/scroll-zone.com\/ba\/wp-json\/wp\/v2\/product_tag?post=10358"}],"curies":[{"name":"wp","href":"https:\/\/api.w.org\/{rel}","templated":true}]}}